{"id":560,"date":"2015-07-29T13:44:44","date_gmt":"2015-07-29T13:44:44","guid":{"rendered":"https:\/\/sichu-blockart-eduskill.sites.qsandbox.com\/?page_id=4"},"modified":"2024-01-11T13:29:06","modified_gmt":"2024-01-11T10:29:06","slug":"home","status":"publish","type":"page","link":"https:\/\/mavigelisim.com\/","title":{"rendered":"Anasayfa"},"content":{"rendered":"\n<div class=\"blockart-section blockart-section-63a6e058\"><div class=\"blockart-container\"><div class=\"blockart-section-inner blockart-height-fit-to-screen\">\n<div class=\"blockart-column blockart-column-76af7321\"><div class=\"blockart-column-inner\">\n<h1 class=\"blockart-heading blockart-heading-f6c8fdb6\">MAV\u0130 GEL\u0130\u015e\u0130M \u00c7OCUK KULUB\u00dc<\/h1>\n\n\n\n<p class=\"blockart-paragraph blockart-paragraph-8eebe75e\">Kul\u00fcb\u00fcm\u00fczde ya\u015fam\u0131n\u0131z\u0131 oyunlarla yeniden ke\u015ffetmenin tad\u0131na varacaks\u0131n\u0131z. Aktivitelerle problem \u00e7\u00f6zme, matematik ve g\u00fcnl\u00fck ya\u015fam becerilerinizi destekleyece\u011fiz. Kul\u00fcb\u00fcm\u00fczde, bilimin renkli d\u00fcnyas\u0131na bamba\u015fka bir a\u00e7\u0131dan bakmay\u0131 \u00f6\u011freneceksiniz. D\u00fcnyaya bilim adam\u0131 g\u00f6z\u00fc ile bakarak, kul\u00fcb\u00fcm\u00fczde ge\u00e7irdi\u011finiz her dakikada yeni bilgi ve deneyimler edineceksiniz. Fen alan\u0131nda deneyler yaparak, bilimsel \u00e7al\u0131\u015fma y\u00f6ntemlerini birebir uygulayarak merak etti\u011finiz bir \u00e7ok sorunun cevab\u0131n\u0131 bulacaks\u0131n\u0131z.<\/p>\n\n\n\n<div class=\"blockart-buttons blockart-buttons-ccef6f69 is-wrap is-horizontal justify-left-sm\">\n<div class=\"blockart-button blockart-button-c20db6f6 \"><a class=\"blockart-button-link is-custom is-style-filled\" href=\"#\">Hemen \u0130leti\u015fime Ge\u00e7in<\/a><\/div>\n<\/div>\n<\/div><\/div>\n\n\n\n<div class=\"blockart-column blockart-column-e6b56c91\"><div class=\"blockart-column-inner\"><\/div><\/div>\n<\/div><\/div><\/div>\n\n\n\n<div class=\"blockart-section blockart-section-91dae4ac\"><div class=\"blockart-container\"><div class=\"blockart-section-inner\">\n<div class=\"blockart-column blockart-column-4c9a3ac2\"><div class=\"blockart-column-inner\">\n<h2 class=\"blockart-heading blockart-heading-4cdeb2ad\">\u00c7ocu\u011funuzun Geli\u015fimi \u0130\u00e7in<\/h2>\n\n\n\n<p class=\"blockart-paragraph blockart-paragraph-05226302\">Mavi Geli\u015fim \u00c7ocuk Kul\u00fcb\u00fc, \u00e7ocu\u011funuzun sosyal, duygusal, bili\u015fsel ve fiziksel geli\u015fimini desteklemek i\u00e7in tasarlanm\u0131\u015f bir e\u011fitim kurumudur.<\/p>\n\n\n\n<div class=\"blockart-section blockart-section-f7aea4bf\"><div class=\"blockart-container\"><div class=\"blockart-section-inner\">\n<div class=\"blockart-column blockart-column-3bd4147b\"><div class=\"blockart-column-inner\">\n<figure class=\"blockart-image blockart-image-eb87be22\"><img loading=\"lazy\" decoding=\"async\" class=\"wp-image-214 hover-effect-static filter-none mask mask-none\" src=\"http:\/\/mavigelisim.com\/wp-content\/uploads\/2022\/01\/icon_certificate.png\" alt=\"\" height=\"151\" width=\"150\"\/><\/figure>\n<\/div><\/div>\n\n\n\n<div class=\"blockart-column blockart-column-75b76eed\"><div class=\"blockart-column-inner\">\n<h3 class=\"blockart-heading blockart-heading-6ff15925\">E\u011flenceli ve g\u00fcvenli bir ortamda sosyalle\u015fecek<\/h3>\n<\/div><\/div>\n<\/div><\/div><\/div>\n\n\n\n<div class=\"blockart-section blockart-section-b88f20ab\"><div class=\"blockart-container\"><div class=\"blockart-section-inner\">\n<div class=\"blockart-column blockart-column-d62b2ae6\"><div class=\"blockart-column-inner\">\n<figure class=\"blockart-image blockart-image-5840e62b\"><img loading=\"lazy\" decoding=\"async\" class=\"wp-image-107 hover-effect-static filter-none mask mask-none\" src=\"http:\/\/mavigelisim.com\/wp-content\/uploads\/2022\/01\/icon_book.png\" alt=\"\" height=\"151\" width=\"150\"\/><\/figure>\n<\/div><\/div>\n\n\n\n<div class=\"blockart-column blockart-column-acbc07dc\"><div class=\"blockart-column-inner\">\n<h3 class=\"blockart-heading blockart-heading-38b5466b\">\u00d6\u011frenme becerilerini geli\u015ftirecek<\/h3>\n<\/div><\/div>\n<\/div><\/div><\/div>\n\n\n\n<div class=\"blockart-section blockart-section-6f1617e4\"><div class=\"blockart-container\"><div class=\"blockart-section-inner\">\n<div class=\"blockart-column blockart-column-b3d24a29\"><div class=\"blockart-column-inner\">\n<figure class=\"blockart-image blockart-image-0615acdb\"><img loading=\"lazy\" decoding=\"async\" class=\"wp-image-128 hover-effect-static filter-none mask mask-none\" src=\"http:\/\/mavigelisim.com\/wp-content\/uploads\/2022\/01\/icon_expert.png\" alt=\"\" height=\"151\" width=\"150\"\/><\/figure>\n<\/div><\/div>\n\n\n\n<div class=\"blockart-column blockart-column-e1781de4\"><div class=\"blockart-column-inner\">\n<h3 class=\"blockart-heading blockart-heading-47cfea82\">Hayal g\u00fcc\u00fcn\u00fc ve yarat\u0131c\u0131l\u0131\u011f\u0131n geli\u015ftirecek<\/h3>\n<\/div><\/div>\n<\/div><\/div><\/div>\n\n\n\n<div class=\"blockart-section blockart-section-af494552\"><div class=\"blockart-container\"><div class=\"blockart-section-inner\">\n<div class=\"blockart-column blockart-column-62bedb70\"><div class=\"blockart-column-inner\">\n<figure class=\"blockart-image blockart-image-39a0b4a3\"><img loading=\"lazy\" decoding=\"async\" class=\"wp-image-130 hover-effect-static filter-none mask mask-none\" src=\"http:\/\/mavigelisim.com\/wp-content\/uploads\/2022\/01\/icon_quiz.png\" alt=\"\" height=\"151\" width=\"150\"\/><\/figure>\n<\/div><\/div>\n\n\n\n<div class=\"blockart-column blockart-column-06920dda\"><div class=\"blockart-column-inner\">\n<h3 class=\"blockart-heading blockart-heading-4e584a19\">Kendi kendine g\u00fcvenini geli\u015ftirecek<\/h3>\n<\/div><\/div>\n<\/div><\/div><\/div>\n<\/div><\/div>\n\n\n\n<div class=\"blockart-column blockart-column-b3b80346\"><div class=\"blockart-column-inner\">\n<figure class=\"blockart-image blockart-image-2875847c\"><img loading=\"lazy\" decoding=\"async\" class=\"wp-image-664 hover-effect-static filter-none mask mask-none\" src=\"http:\/\/mavigelisim.com\/wp-content\/uploads\/2023\/12\/photo1.png\" alt=\"\" height=\"699\" width=\"832\" srcset=\"https:\/\/mavigelisim.com\/wp-content\/uploads\/2023\/12\/photo1.png 832w, https:\/\/mavigelisim.com\/wp-content\/uploads\/2023\/12\/photo1-300x252.png 300w, https:\/\/mavigelisim.com\/wp-content\/uploads\/2023\/12\/photo1-768x645.png 768w\" sizes=\"(max-width: 832px) 100vw, 832px\" \/><\/figure>\n<\/div><\/div>\n<\/div><\/div><\/div>\n\n\n\n<div class=\"blockart-section blockart-section-39dc5124\"><div class=\"blockart-container\"><div class=\"blockart-section-inner\">\n<div class=\"blockart-column blockart-column-07154890\"><div class=\"blockart-column-inner\">\n<figure class=\"blockart-image blockart-image-b1e74f8a\"><img loading=\"lazy\" decoding=\"async\" class=\"wp-image-671 hover-effect-static filter-none mask mask-none\" src=\"http:\/\/mavigelisim.com\/wp-content\/uploads\/2023\/12\/2150898586.jpg\" alt=\"\" height=\"1500\" width=\"1500\" srcset=\"https:\/\/mavigelisim.com\/wp-content\/uploads\/2023\/12\/2150898586.jpg 1500w, https:\/\/mavigelisim.com\/wp-content\/uploads\/2023\/12\/2150898586-300x300.jpg 300w, https:\/\/mavigelisim.com\/wp-content\/uploads\/2023\/12\/2150898586-1024x1024.jpg 1024w, https:\/\/mavigelisim.com\/wp-content\/uploads\/2023\/12\/2150898586-150x150.jpg 150w, https:\/\/mavigelisim.com\/wp-content\/uploads\/2023\/12\/2150898586-768x768.jpg 768w\" sizes=\"(max-width: 1500px) 100vw, 1500px\" \/><\/figure>\n<\/div><\/div>\n\n\n\n<div class=\"blockart-column blockart-column-7d0f8fe0\"><div class=\"blockart-column-inner\">\n<h2 class=\"blockart-heading blockart-heading-5b69eb86\">Duygusal Geli\u015fim<\/h2>\n\n\n\n<p class=\"blockart-paragraph blockart-paragraph-440d2cd4\">Mavi Geli\u015fim \u00c7ocuk Kul\u00fcb\u00fc&#8217;nde, \u00e7ocuklar duygular\u0131n\u0131 ifade etmeyi ve y\u00f6netmeyi \u00f6\u011frenirler. \u00d6\u011fretmenler, \u00e7ocuklara duygular\u0131n\u0131 tan\u0131malar\u0131 ve sa\u011fl\u0131kl\u0131 bir \u015fekilde ifade etmeleri i\u00e7in destek olur.<\/p>\n<\/div><\/div>\n<\/div><\/div><\/div>\n\n\n\n<div class=\"blockart-section blockart-section-224b3b9a\"><div class=\"blockart-container\"><div class=\"blockart-section-inner\">\n<div class=\"blockart-column blockart-column-34ad6b8c\"><div class=\"blockart-column-inner\">\n<h2 class=\"blockart-heading blockart-heading-9acf5534\">Bili\u015fsel Geli\u015fim<\/h2>\n\n\n\n<p class=\"blockart-paragraph blockart-paragraph-50f34af7\">Mavi Geli\u015fim \u00c7ocuk Kul\u00fcb\u00fc&#8217;nde, \u00e7ocuklar temel bili\u015fsel becerileri geli\u015ftirir. Matematik, fen, okuma, yazma gibi dersler sayesinde \u00e7ocuklar d\u00fc\u015f\u00fcnme, problem \u00e7\u00f6zme, ele\u015ftirel d\u00fc\u015f\u00fcnme gibi becerilerini geli\u015ftirir.<\/p>\n<\/div><\/div>\n\n\n\n<div class=\"blockart-column blockart-column-ea0212e9\"><div class=\"blockart-column-inner\">\n<figure class=\"blockart-image blockart-image-695a003c\"><img loading=\"lazy\" decoding=\"async\" class=\"wp-image-673 hover-effect-static filter-none mask mask-none\" src=\"http:\/\/mavigelisim.com\/wp-content\/uploads\/2023\/12\/2150898663.jpg\" alt=\"\" height=\"1500\" width=\"1500\" srcset=\"https:\/\/mavigelisim.com\/wp-content\/uploads\/2023\/12\/2150898663.jpg 1500w, https:\/\/mavigelisim.com\/wp-content\/uploads\/2023\/12\/2150898663-300x300.jpg 300w, https:\/\/mavigelisim.com\/wp-content\/uploads\/2023\/12\/2150898663-1024x1024.jpg 1024w, https:\/\/mavigelisim.com\/wp-content\/uploads\/2023\/12\/2150898663-150x150.jpg 150w, https:\/\/mavigelisim.com\/wp-content\/uploads\/2023\/12\/2150898663-768x768.jpg 768w\" sizes=\"(max-width: 1500px) 100vw, 1500px\" \/><\/figure>\n<\/div><\/div>\n<\/div><\/div><\/div>\n\n\n\n<div class=\"blockart-section blockart-section-967cdc87\"><div class=\"blockart-container\"><div class=\"blockart-section-inner\">\n<div class=\"blockart-column blockart-column-fdc9661c\"><div class=\"blockart-column-inner\">\n<figure class=\"blockart-image blockart-image-11b58f0f\"><img loading=\"lazy\" decoding=\"async\" class=\"wp-image-677 hover-effect-static filter-none mask mask-none\" src=\"http:\/\/mavigelisim.com\/wp-content\/uploads\/2023\/12\/2150709844.jpg\" alt=\"\" height=\"1500\" width=\"1500\" srcset=\"https:\/\/mavigelisim.com\/wp-content\/uploads\/2023\/12\/2150709844.jpg 1500w, https:\/\/mavigelisim.com\/wp-content\/uploads\/2023\/12\/2150709844-300x300.jpg 300w, https:\/\/mavigelisim.com\/wp-content\/uploads\/2023\/12\/2150709844-1024x1024.jpg 1024w, https:\/\/mavigelisim.com\/wp-content\/uploads\/2023\/12\/2150709844-150x150.jpg 150w, https:\/\/mavigelisim.com\/wp-content\/uploads\/2023\/12\/2150709844-768x768.jpg 768w\" sizes=\"(max-width: 1500px) 100vw, 1500px\" \/><\/figure>\n<\/div><\/div>\n\n\n\n<div class=\"blockart-column blockart-column-1a9dbd64\"><div class=\"blockart-column-inner\">\n<h2 class=\"blockart-heading blockart-heading-e6ebec64\">Sosyal Geli\u015fim<\/h2>\n\n\n\n<p class=\"blockart-paragraph blockart-paragraph-7c5c7843\">Mavi Geli\u015fim \u00c7ocuk Kul\u00fcb\u00fc&#8217;nde, \u00e7ocuklar farkl\u0131 ya\u015f gruplar\u0131ndan \u00e7ocuklarla birlikte vakit ge\u00e7irerek sosyal becerileri geli\u015ftirir. Grup oyunlar\u0131, drama etkinlikleri ve di\u011fer sosyal aktiviteler sayesinde \u00e7ocuklar arkada\u015fl\u0131k kurma, i\u015fbirli\u011fi yapma, empati kurma gibi becerileri \u00f6\u011frenir.<\/p>\n<\/div><\/div>\n<\/div><\/div><\/div>\n\n\n\n<div class=\"blockart-section blockart-section-3050721f\"><div class=\"blockart-container\"><div class=\"blockart-section-inner\">\n<div class=\"blockart-column blockart-column-e2e19c66\"><div class=\"blockart-column-inner\">\n<h2 class=\"blockart-heading blockart-heading-b7bb504a\">Fiziksel Geli\u015fim<\/h2>\n\n\n\n<p class=\"blockart-paragraph blockart-paragraph-0abf7319\">Mavi Geli\u015fim \u00c7ocuk Kul\u00fcb\u00fc&#8217;nde, \u00e7ocuklar sa\u011fl\u0131kl\u0131 bir \u015fekilde b\u00fcy\u00fcr ve geli\u015fir. Oyun, spor ve di\u011fer fiziksel aktiviteler sayesinde \u00e7ocuklar kaslar\u0131n\u0131 g\u00fc\u00e7lendirir, koordinasyonlar\u0131n\u0131 geli\u015ftirir ve sa\u011fl\u0131kl\u0131 bir kiloya sahip olurlar.<\/p>\n<\/div><\/div>\n\n\n\n<div class=\"blockart-column blockart-column-6df79ab9\"><div class=\"blockart-column-inner\">\n<figure class=\"blockart-image blockart-image-c5793cd6\"><img loading=\"lazy\" decoding=\"async\" class=\"wp-image-673 hover-effect-static filter-none mask mask-none\" src=\"http:\/\/mavigelisim.com\/wp-content\/uploads\/2023\/12\/2150898663.jpg\" alt=\"\" height=\"1500\" width=\"1500\" srcset=\"https:\/\/mavigelisim.com\/wp-content\/uploads\/2023\/12\/2150898663.jpg 1500w, https:\/\/mavigelisim.com\/wp-content\/uploads\/2023\/12\/2150898663-300x300.jpg 300w, https:\/\/mavigelisim.com\/wp-content\/uploads\/2023\/12\/2150898663-1024x1024.jpg 1024w, https:\/\/mavigelisim.com\/wp-content\/uploads\/2023\/12\/2150898663-150x150.jpg 150w, https:\/\/mavigelisim.com\/wp-content\/uploads\/2023\/12\/2150898663-768x768.jpg 768w\" sizes=\"(max-width: 1500px) 100vw, 1500px\" \/><\/figure>\n<\/div><\/div>\n<\/div><\/div><\/div>\n\n\n\n<div class=\"blockart-section blockart-section-9b1b5847\"><div class=\"blockart-container\"><div class=\"blockart-section-inner\">\n<div class=\"blockart-column blockart-column-2e6c3222\"><div class=\"blockart-column-inner\">\n<h2 class=\"blockart-heading blockart-heading-21e9a37f\">Etkinliklerimiz<\/h2>\n\n\n\n<div class=\"blockart-section blockart-section-c96bce1b\"><div class=\"blockart-container\"><div class=\"blockart-section-inner\">\n<div class=\"blockart-column blockart-column-3d1b7133\"><div class=\"blockart-column-inner\">\n<div class=\"blockart-section blockart-section-72043496\"><div class=\"blockart-container\"><div class=\"blockart-section-inner\">\n<div class=\"blockart-column blockart-column-1b2538cf\"><div class=\"blockart-column-inner\">\n<h2 class=\"blockart-heading blockart-heading-94a9e652\">Mavi Geli\u015fim \u00c7ocuk Kul\u00fcb\u00fc&#8217;ne Bug\u00fcn Ziyaret Edin<\/h2>\n\n\n\n<p class=\"blockart-paragraph blockart-paragraph-56a9f122\">\u00c7ocu\u011funuzun geli\u015fimi i\u00e7in en iyi karar\u0131 vermek istiyorsan\u0131z, Mavi Geli\u015fim \u00c7ocuk Kul\u00fcb\u00fc&#8217;n\u00fc ziyaret edin. Deneyimli \u00f6\u011fretmenlerimiz ve yarat\u0131c\u0131 programlar\u0131m\u0131zla \u00e7ocu\u011funuzun gelece\u011fini \u015fekillendirmenize yard\u0131mc\u0131 olaca\u011f\u0131z.<\/p>\n\n\n\n<figure class=\"blockart-image blockart-image-537ab0db\"><img loading=\"lazy\" decoding=\"async\" class=\"wp-image-806 hover-effect-static filter-none mask mask-none\" src=\"http:\/\/mavigelisim.com\/wp-content\/uploads\/2024\/01\/5f9f7795-680d-4d49-9fc7-dd35e4a3367d.jpeg\" alt=\"\" height=\"1500\" width=\"843\" srcset=\"https:\/\/mavigelisim.com\/wp-content\/uploads\/2024\/01\/5f9f7795-680d-4d49-9fc7-dd35e4a3367d.jpeg 843w, https:\/\/mavigelisim.com\/wp-content\/uploads\/2024\/01\/5f9f7795-680d-4d49-9fc7-dd35e4a3367d-169x300.jpeg 169w, https:\/\/mavigelisim.com\/wp-content\/uploads\/2024\/01\/5f9f7795-680d-4d49-9fc7-dd35e4a3367d-575x1024.jpeg 575w, https:\/\/mavigelisim.com\/wp-content\/uploads\/2024\/01\/5f9f7795-680d-4d49-9fc7-dd35e4a3367d-768x1367.jpeg 768w\" sizes=\"(max-width: 843px) 100vw, 843px\" \/><\/figure>\n\n\n\n<figure class=\"blockart-image blockart-image-aca356fa\"><img loading=\"lazy\" decoding=\"async\" class=\"wp-image-808 hover-effect-static filter-none mask mask-none\" src=\"http:\/\/mavigelisim.com\/wp-content\/uploads\/2024\/01\/7b7889f4-8d9f-4f18-866c-10c74fa17420.jpeg\" alt=\"\" height=\"1080\" width=\"1080\" srcset=\"https:\/\/mavigelisim.com\/wp-content\/uploads\/2024\/01\/7b7889f4-8d9f-4f18-866c-10c74fa17420.jpeg 1080w, https:\/\/mavigelisim.com\/wp-content\/uploads\/2024\/01\/7b7889f4-8d9f-4f18-866c-10c74fa17420-300x300.jpeg 300w, https:\/\/mavigelisim.com\/wp-content\/uploads\/2024\/01\/7b7889f4-8d9f-4f18-866c-10c74fa17420-1024x1024.jpeg 1024w, https:\/\/mavigelisim.com\/wp-content\/uploads\/2024\/01\/7b7889f4-8d9f-4f18-866c-10c74fa17420-150x150.jpeg 150w, https:\/\/mavigelisim.com\/wp-content\/uploads\/2024\/01\/7b7889f4-8d9f-4f18-866c-10c74fa17420-768x768.jpeg 768w\" sizes=\"(max-width: 1080px) 100vw, 1080px\" \/><\/figure>\n<\/div><\/div>\n\n\n\n<div class=\"blockart-column blockart-column-0594093f\"><div class=\"blockart-column-inner\">\n<figure class=\"blockart-image blockart-image-a2a488ea\"><img loading=\"lazy\" decoding=\"async\" class=\"wp-image-805 hover-effect-static filter-none mask mask-none\" src=\"http:\/\/mavigelisim.com\/wp-content\/uploads\/2024\/01\/5b520335-267d-40d6-9a06-2105d612de95.jpeg\" alt=\"\" height=\"788\" width=\"940\" srcset=\"https:\/\/mavigelisim.com\/wp-content\/uploads\/2024\/01\/5b520335-267d-40d6-9a06-2105d612de95.jpeg 940w, https:\/\/mavigelisim.com\/wp-content\/uploads\/2024\/01\/5b520335-267d-40d6-9a06-2105d612de95-300x251.jpeg 300w, https:\/\/mavigelisim.com\/wp-content\/uploads\/2024\/01\/5b520335-267d-40d6-9a06-2105d612de95-768x644.jpeg 768w\" sizes=\"(max-width: 940px) 100vw, 940px\" \/><\/figure>\n\n\n\n<figure class=\"blockart-image blockart-image-cc1e574f\"><img loading=\"lazy\" decoding=\"async\" class=\"wp-image-807 hover-effect-static filter-none mask mask-none\" src=\"http:\/\/mavigelisim.com\/wp-content\/uploads\/2024\/01\/9b689f68-6b14-49bf-8c32-0afa245371e6.jpeg\" alt=\"\" height=\"788\" width=\"940\" srcset=\"https:\/\/mavigelisim.com\/wp-content\/uploads\/2024\/01\/9b689f68-6b14-49bf-8c32-0afa245371e6.jpeg 940w, https:\/\/mavigelisim.com\/wp-content\/uploads\/2024\/01\/9b689f68-6b14-49bf-8c32-0afa245371e6-300x251.jpeg 300w, https:\/\/mavigelisim.com\/wp-content\/uploads\/2024\/01\/9b689f68-6b14-49bf-8c32-0afa245371e6-768x644.jpeg 768w\" sizes=\"(max-width: 940px) 100vw, 940px\" \/><\/figure>\n\n\n\n<figure class=\"blockart-image blockart-image-149d34fc\"><img loading=\"lazy\" decoding=\"async\" class=\"wp-image-810 hover-effect-static filter-none mask mask-none\" src=\"http:\/\/mavigelisim.com\/wp-content\/uploads\/2024\/01\/f58321b5-9403-4d69-a367-3baedb106e56.jpeg\" alt=\"\" height=\"1080\" width=\"1080\" srcset=\"https:\/\/mavigelisim.com\/wp-content\/uploads\/2024\/01\/f58321b5-9403-4d69-a367-3baedb106e56.jpeg 1080w, https:\/\/mavigelisim.com\/wp-content\/uploads\/2024\/01\/f58321b5-9403-4d69-a367-3baedb106e56-300x300.jpeg 300w, https:\/\/mavigelisim.com\/wp-content\/uploads\/2024\/01\/f58321b5-9403-4d69-a367-3baedb106e56-1024x1024.jpeg 1024w, https:\/\/mavigelisim.com\/wp-content\/uploads\/2024\/01\/f58321b5-9403-4d69-a367-3baedb106e56-150x150.jpeg 150w, https:\/\/mavigelisim.com\/wp-content\/uploads\/2024\/01\/f58321b5-9403-4d69-a367-3baedb106e56-768x768.jpeg 768w\" sizes=\"(max-width: 1080px) 100vw, 1080px\" \/><\/figure>\n\n\n\n<figure class=\"blockart-image blockart-image-a30bb4d0\"><img loading=\"lazy\" decoding=\"async\" class=\"wp-image-811 hover-effect-static filter-none mask mask-none\" src=\"http:\/\/mavigelisim.com\/wp-content\/uploads\/2024\/01\/e42f4c8c-7e39-4b34-9f1d-1a35933e749a.jpeg\" alt=\"\" height=\"1080\" width=\"1080\" srcset=\"https:\/\/mavigelisim.com\/wp-content\/uploads\/2024\/01\/e42f4c8c-7e39-4b34-9f1d-1a35933e749a.jpeg 1080w, https:\/\/mavigelisim.com\/wp-content\/uploads\/2024\/01\/e42f4c8c-7e39-4b34-9f1d-1a35933e749a-300x300.jpeg 300w, https:\/\/mavigelisim.com\/wp-content\/uploads\/2024\/01\/e42f4c8c-7e39-4b34-9f1d-1a35933e749a-1024x1024.jpeg 1024w, https:\/\/mavigelisim.com\/wp-content\/uploads\/2024\/01\/e42f4c8c-7e39-4b34-9f1d-1a35933e749a-150x150.jpeg 150w, https:\/\/mavigelisim.com\/wp-content\/uploads\/2024\/01\/e42f4c8c-7e39-4b34-9f1d-1a35933e749a-768x768.jpeg 768w\" sizes=\"(max-width: 1080px) 100vw, 1080px\" \/><\/figure>\n<\/div><\/div>\n<\/div><\/div><\/div>\n<\/div><\/div>\n<\/div><\/div><\/div>\n<\/div><\/div>\n<\/div><\/div><\/div>\n\n\n\n<div class=\"wp-block-group is-layout-constrained wp-block-group-is-layout-constrained\">\n<div class=\"wp-block-group is-content-justification-center is-nowrap is-layout-flex wp-container-core-group-layout-1 wp-block-group-is-layout-flex\">\n<figure class=\"blockart-image blockart-image-ea5654f9\"><img loading=\"lazy\" decoding=\"async\" class=\"wp-image-763 hover-effect-static filter-none mask mask-none\" src=\"http:\/\/mavigelisim.com\/wp-content\/uploads\/2023\/12\/logo.png\" alt=\"\" height=\"163\" width=\"153\"\/><\/figure>\n\n\n\n<figure class=\"blockart-image blockart-image-96b9951d\"><img loading=\"lazy\" decoding=\"async\" class=\"wp-image-798 hover-effect-static filter-none mask mask-none\" src=\"http:\/\/mavigelisim.com\/wp-content\/uploads\/2024\/01\/T.C._Aile_ve_Sosyal_Hizmetler_Bakanligi_logo.svg_-e1704966202747.png\" alt=\"\" height=\"153\" width=\"153\"\/><\/figure>\n<\/div>\n<\/div>\n\n\n\n<div class=\"blockart-section blockart-section-58c656f7\"><div class=\"blockart-container\"><div class=\"blockart-section-inner\">\n<div class=\"blockart-column blockart-column-3123986b\"><div class=\"blockart-column-inner\">\n<figure class=\"blockart-image blockart-image-f9084ffc\"><img loading=\"lazy\" decoding=\"async\" class=\"wp-image-324 hover-effect-static filter-none mask mask-none\" src=\"http:\/\/mavigelisim.com\/wp-content\/uploads\/2022\/01\/icon_learners.png\" alt=\"\" height=\"150\" width=\"151\"\/><\/figure>\n\n\n\n<h3 class=\"blockart-heading blockart-heading-a7af2930\">60<\/h3>\n\n\n\n<p class=\"blockart-paragraph blockart-paragraph-3b135ca0\">\u00d6\u011frenci<\/p>\n<\/div><\/div>\n\n\n\n<div class=\"blockart-column blockart-column-5802117a\"><div class=\"blockart-column-inner\">\n<figure class=\"blockart-image blockart-image-26322e08\"><img loading=\"lazy\" decoding=\"async\" class=\"wp-image-323 hover-effect-static filter-none mask mask-none\" src=\"http:\/\/mavigelisim.com\/wp-content\/uploads\/2022\/01\/icon_courses.png\" alt=\"\" height=\"151\" width=\"151\"\/><\/figure>\n\n\n\n<h3 class=\"blockart-heading blockart-heading-19b7a51a\">20<\/h3>\n\n\n\n<p class=\"blockart-paragraph blockart-paragraph-9672ed25\">Kurs<\/p>\n<\/div><\/div>\n\n\n\n<div class=\"blockart-column blockart-column-0dba3130\"><div class=\"blockart-column-inner\">\n<figure class=\"blockart-image blockart-image-2bce7ce8\"><img loading=\"lazy\" decoding=\"async\" class=\"wp-image-322 hover-effect-static filter-none mask mask-none\" src=\"http:\/\/mavigelisim.com\/wp-content\/uploads\/2022\/01\/icon_countries.png\" alt=\"\" height=\"151\" width=\"151\"\/><\/figure>\n\n\n\n<h3 class=\"blockart-heading blockart-heading-3f45cf25\">30<\/h3>\n\n\n\n<p class=\"blockart-paragraph blockart-paragraph-a3118387\">Aktivite<\/p>\n<\/div><\/div>\n\n\n\n<div class=\"blockart-column blockart-column-6fc208b7\"><div class=\"blockart-column-inner\">\n<figure class=\"blockart-image blockart-image-6571835b\"><img loading=\"lazy\" decoding=\"async\" class=\"wp-image-321 hover-effect-static filter-none mask mask-none\" src=\"http:\/\/mavigelisim.com\/wp-content\/uploads\/2022\/01\/icon_award.png\" alt=\"\" height=\"151\" width=\"151\"\/><\/figure>\n\n\n\n<h3 class=\"blockart-heading blockart-heading-fa14dabe\">2<\/h3>\n\n\n\n<p class=\"blockart-paragraph blockart-paragraph-1a85acc4\">\u00d6d\u00fcl<\/p>\n<\/div><\/div>\n<\/div><\/div><\/div>\n\n\n\n<div class=\"blockart-section blockart-section-e2ebd4db\"><div class=\"blockart-container\"><div class=\"blockart-section-inner\">\n<div class=\"blockart-column blockart-column-dcb1a80e\"><div class=\"blockart-column-inner\">\n<h2 class=\"blockart-heading blockart-heading-70fcc6f3\">\u00d6\u011frenci ve Veli Geri D\u00f6n\u00fc\u015fleri<\/h2>\n\n\n\n<div class=\"blockart-section blockart-section-9afdbf74\"><div class=\"blockart-container\"><div class=\"blockart-section-inner\">\n<div class=\"blockart-column blockart-column-78f3e7bf\"><div class=\"blockart-column-inner\">\n<figure class=\"blockart-image blockart-image-e2d3708a\"><img loading=\"lazy\" decoding=\"async\" class=\"wp-image-344 hover-effect-static filter-none mask mask-none\" src=\"http:\/\/mavigelisim.com\/wp-content\/uploads\/2022\/01\/icon_quotes.png\" alt=\"\" height=\"134\" width=\"134\"\/><\/figure>\n\n\n\n<p class=\"blockart-paragraph blockart-paragraph-7caf4f33\">\u00f6\u011frenci  veya veli mektubu notu vs. bu b\u00f6l\u00fcmde yay\u0131nlanacakt\u0131r<\/p>\n\n\n\n<h3 class=\"blockart-heading blockart-heading-e8907ea6\">Furkan K\u00dc\u00c7\u00dcKBAYRAKTAR<\/h3>\n\n\n\n<p class=\"blockart-paragraph blockart-paragraph-249710fd\">Software Developer<\/p>\n<\/div><\/div>\n\n\n\n<div class=\"blockart-column blockart-column-f88a54da\"><div class=\"blockart-column-inner\">\n<figure class=\"blockart-image blockart-image-71268b04\"><img loading=\"lazy\" decoding=\"async\" class=\"wp-image-344 hover-effect-static filter-none mask mask-none\" src=\"http:\/\/mavigelisim.com\/wp-content\/uploads\/2022\/01\/icon_quotes.png\" alt=\"\" height=\"134\" width=\"134\"\/><\/figure>\n\n\n\n<p class=\"blockart-paragraph blockart-paragraph-1580b20c\">\u00f6\u011frenci  veya veli mektubu notu vs. bu b\u00f6l\u00fcmde yay\u0131nlanacakt\u0131r<\/p>\n\n\n\n<h3 class=\"blockart-heading blockart-heading-c2c25935\">Onur D\u00d6NDER<\/h3>\n\n\n\n<p class=\"blockart-paragraph blockart-paragraph-efbf51f0\">\u0130NAN\u00c7 D\u00d6NDER\u0130N VEL\u0130S\u0130<\/p>\n<\/div><\/div>\n<\/div><\/div><\/div>\n<\/div><\/div>\n<\/div><\/div><\/div>\n","protected":false},"excerpt":{"rendered":"","protected":false},"author":1,"featured_media":0,"parent":0,"menu_order":0,"comment_status":"closed","ping_status":"open","template":"page-templates\/pagebuilder.php","meta":{"om_disable_all_campaigns":false,"_monsterinsights_skip_tracking":false,"_monsterinsights_sitenote_active":false,"_monsterinsights_sitenote_note":"","_monsterinsights_sitenote_category":0,"footnotes":""},"aioseo_notices":[],"_links":{"self":[{"href":"https:\/\/mavigelisim.com\/index.php\/wp-json\/wp\/v2\/pages\/560"}],"collection":[{"href":"https:\/\/mavigelisim.com\/index.php\/wp-json\/wp\/v2\/pages"}],"about":[{"href":"https:\/\/mavigelisim.com\/index.php\/wp-json\/wp\/v2\/types\/page"}],"author":[{"embeddable":true,"href":"https:\/\/mavigelisim.com\/index.php\/wp-json\/wp\/v2\/users\/1"}],"replies":[{"embeddable":true,"href":"https:\/\/mavigelisim.com\/index.php\/wp-json\/wp\/v2\/comments?post=560"}],"version-history":[{"count":68,"href":"https:\/\/mavigelisim.com\/index.php\/wp-json\/wp\/v2\/pages\/560\/revisions"}],"predecessor-version":[{"id":840,"href":"https:\/\/mavigelisim.com\/index.php\/wp-json\/wp\/v2\/pages\/560\/revisions\/840"}],"wp:attachment":[{"href":"https:\/\/mavigelisim.com\/index.php\/wp-json\/wp\/v2\/media?parent=560"}],"curies":[{"name":"wp","href":"https:\/\/api.w.org\/{rel}","templated":true}]}}