{"id":77,"date":"2022-01-27T08:54:29","date_gmt":"2022-01-27T08:54:29","guid":{"rendered":"https:\/\/sichu-blockart-eduskill.sites.qsandbox.com\/?page_id=77"},"modified":"2024-01-11T12:59:04","modified_gmt":"2024-01-11T09:59:04","slug":"about","status":"publish","type":"page","link":"https:\/\/mavigelisim.com\/index.php\/about\/","title":{"rendered":"HAKKIMIZDA"},"content":{"rendered":"\n<div class=\"blockart-section blockart-section-91dae4ac\"><div class=\"blockart-container\"><div class=\"blockart-section-inner\">\n<div class=\"blockart-column blockart-column-ece1626e\"><div class=\"blockart-column-inner\">\n<p>Mavi Geli\u015fim \u00c7ocuk Kul\u00fcb\u00fc Hakk\u0131nda<\/p>\n\n\n\n<p>Kul\u00fcb\u00fcm\u00fczde ya\u015fam\u0131n\u0131z\u0131 oyunlarla yeniden ke\u015ffetmenin tad\u0131na varacaks\u0131n\u0131z.Aktivitelerle problem \u00e7\u00f6zme, matematik ve g\u00fcnl\u00fck ya\u015fam becerilerinizi destekleyece\u011fiz.Kul\u00fcb\u00fcm\u00fczde, bilimin renkli d\u00fcnyas\u0131na bamba\u015fka bir a\u00e7\u0131dan bakmay\u0131 \u00f6\u011freneceksiniz. D\u00fcnyaya bilim adam\u0131 g\u00f6z\u00fc ile bakarak, kul\u00fcb\u00fcm\u00fczde ge\u00e7irdi\u011finiz her dakikada yeni bilgi ve deneyimler edineceksiniz. Fen alan\u0131nda deneyler yaparak, bilimsel \u00e7al\u0131\u015fma y\u00f6ntemlerini birebir uygulayarak merak etti\u011finiz bir \u00e7ok sorunun cevab\u0131n\u0131 bulacaks\u0131n\u0131z.<\/p>\n\n\n\n<p>M\u0130SYONUMUZ<br>Atat\u00fcrk \u0130lke ve \u0130nk\u0131laplar\u0131na ba\u011fl\u0131, devletin, \u00fclkesiyle b\u00f6l\u00fcnmez b\u00fct\u00fcnl\u00fc\u011f\u00fcn\u00fc her \u015feyin \u00fcst\u00fcnde tutan bir neslin yeti\u015fmesini sa\u011flamak, toplumun geli\u015fmesine katk\u0131 sa\u011flayacak nitelikte bilgi ve teknoloji \u00fcreten ara\u015ft\u0131rmac\u0131, kat\u0131l\u0131mc\u0131, payla\u015f\u0131mc\u0131, \u00f6zg\u00fcn ve estetik de\u011ferlere sahip \u00e7a\u011fda\u015f bir \u00f6\u011fretim k\u00fclt\u00fcr\u00fc olu\u015fturmak ve her a\u00e7\u0131dan yetkin, toplumsal de\u011ferlere sayg\u0131l\u0131 bireyler yeti\u015ftirmektir.<br>V\u0130ZYONUMUZ<br>Vizyonumuz; e\u011fitim, \u00f6\u011fretim ve ara\u015ft\u0131rmada \u00f6nc\u00fc, ulusal ve uluslararas\u0131 alanda tan\u0131n\u0131r bir kurum olmakt\u0131r. Kurumumuzda bulunan kaynaklarla hizmetin en rasyonel bir \u015fekilde y\u00fcr\u00fct\u00fclmesine \u00f6zen g\u00f6stermek, yeni kul\u00fcplerin a\u00e7\u0131lmas\u0131n\u0131 sa\u011flamak, e\u011fitim-\u00f6\u011fretim ama\u00e7l\u0131 \u00f6\u011frenci ve ara\u015ft\u0131rma laboratuarlar\u0131 kurmak, derslerin teknolojik cihazlarla yap\u0131lmas\u0131n\u0131 sa\u011flamak, ara\u015ft\u0131rma ve ara\u015ft\u0131rmaya dayal\u0131 \u00f6\u011frenmeyi g\u00f6zeten e\u011fitim-\u00f6\u011fretim y\u00f6ntemleri uygulamak, bilimsel ara\u015ft\u0131rma ve geli\u015ftirme projeleri yaratmak, \u00f6\u011frencinin sosyal, k\u00fclt\u00fcrel, sanatsal ve sportif geli\u015fim gereksinimlerini kar\u015f\u0131layacak olanaklar yaratmak, topluma d\u00f6n\u00fck konferans, seminer, panel ve benzeri aktiviteler d\u00fczenlemek, Atat\u00fcrk\u00e7\u00fc, \u00f6zg\u00fcven sahibi ve giri\u015fimci bireyler yeti\u015ftirmektir.<br>HAKKIMIZDA<br>ilkokul ve ortaokul e\u011fitimlerine devam eden \u00e7ocuklar\u0131n e\u011fitim saatleri d\u0131\u015f\u0131ndaki zamanlarda e\u011fitimlerinin ve sosyal geli\u015fimlerinin desteklenmesi i\u00e7in faaliyet g\u00f6steren kurumuz<br>Amac\u0131m\u0131z<br>\u00c7ocuklar\u0131n beden ve ruh sa\u011fl\u0131\u011f\u0131n\u0131 korumak, sosyo-k\u00fclt\u00fcrel geli\u015fimlerini<br>desteklemek, \u0130lkokul ve ortaokul seviyesindeki \u00e7ocuklar\u0131m\u0131z ilgi alanlar\u0131 do\u011frultusunda e\u011fitmek ve beceri kazand\u0131rmakt\u0131r.<br>Kul\u00fcplerimizde bulunan, amac\u0131na uygun olarak tefri\u015fat\u0131 yap\u0131lm\u0131\u015f, derslik, at\u00f6lye ve<br>salonlarda, bran\u015f\u0131nda uzman e\u011fitimcilerimizin liderli\u011finde, tiyatro kurslar\u0131, resim kurslar\u0131, el<br>sanatlar\u0131, bilgisayar, halk oyunlar\u0131, satran\u00e7, m\u00fczik, spor, \u0130ngilizce vb. derslerin yan\u0131 s\u0131ra<br>\u00e7ocuklar\u0131m\u0131z\u0131 ya\u015f gruplar\u0131na g\u00f6re gruplara ay\u0131rarak akademik m\u00fcfredatlar\u0131na da destek<br>olunmaktad\u0131r.<br>Yap\u0131lan derslere ve at\u00f6lye \u00e7al\u0131\u015fmalar\u0131na ek olarak belirli g\u00fcn ve haftalar i\u00e7erikli fark\u0131ndal\u0131k<br>olu\u015fturmak i\u00e7in zaman zaman geziler ve \u00e7ocuklar\u0131m\u0131z\u0131n kat\u0131ld\u0131\u011f\u0131 programlar<br>d\u00fczenlenmektedir. Bu geziler ve programlar\u0131n ana amac\u0131, \u00e7ocuklar\u0131m\u0131z\u0131n sosyalle\u015fmeleri,<br>ya\u015fad\u0131klar\u0131 \u015fehri tan\u0131malar\u0131 ve vizyonlar\u0131n\u0131 geli\u015ftirmelerine katk\u0131 sa\u011flamakt\u0131r.<br>Uzmanla\u015ft\u0131klar\u0131 alanlarda kul\u00fcpler aras\u0131 m\u00fcsabakalar yap\u0131larak \u00e7ocuklar\u0131m\u0131z\u0131n, etik de\u011ferler<br>\u00e7er\u00e7evesinde rekabet etme, kendini ifade etme, toplum \u00f6n\u00fcne \u00e7\u0131kma becerileri desteklenir.<\/p>\n<\/div><\/div>\n<\/div><\/div><\/div>\n\n\n\n<div class=\"blockart-section blockart-section-309d5800\"><div class=\"blockart-container\"><div class=\"blockart-section-inner\">\n<div class=\"blockart-column blockart-column-4fece1a0\"><div class=\"blockart-column-inner\">\n<h2 class=\"blockart-heading blockart-heading-21e9a37f\">KADROMUZ<\/h2>\n\n\n\n<div class=\"blockart-section blockart-section-63509dc6\"><div class=\"blockart-container\"><div class=\"blockart-section-inner\">\n<div class=\"blockart-column blockart-column-ddf93960\"><div class=\"blockart-column-inner\">\n<figure class=\"blockart-image blockart-image-adb8b3a6\"><img loading=\"lazy\" decoding=\"async\" class=\"wp-image-470 hover-effect-static filter-none mask mask-none\" src=\"http:\/\/mavigelisim.com\/wp-content\/uploads\/2022\/02\/Instructor_1.jpg\" alt=\"\" height=\"501\" width=\"463\" srcset=\"https:\/\/mavigelisim.com\/wp-content\/uploads\/2022\/02\/Instructor_1.jpg 463w, https:\/\/mavigelisim.com\/wp-content\/uploads\/2022\/02\/Instructor_1-277x300.jpg 277w\" sizes=\"(max-width: 463px) 100vw, 463px\" \/><\/figure>\n\n\n\n<h3 class=\"blockart-heading blockart-heading-e8907ea6\">A K\u0130\u015e\u0130S\u0130<\/h3>\n\n\n\n<p class=\"blockart-paragraph blockart-paragraph-249710fd\">\u00dcNVANI<\/p>\n<\/div><\/div>\n\n\n\n<div class=\"blockart-column blockart-column-0310b1be\"><div class=\"blockart-column-inner\">\n<figure class=\"blockart-image blockart-image-95c6eb6a\"><img loading=\"lazy\" decoding=\"async\" class=\"wp-image-471 hover-effect-static filter-none mask mask-none\" src=\"http:\/\/mavigelisim.com\/wp-content\/uploads\/2022\/02\/Instructor_2.jpg\" alt=\"\" height=\"501\" width=\"463\" srcset=\"https:\/\/mavigelisim.com\/wp-content\/uploads\/2022\/02\/Instructor_2.jpg 463w, https:\/\/mavigelisim.com\/wp-content\/uploads\/2022\/02\/Instructor_2-277x300.jpg 277w\" sizes=\"(max-width: 463px) 100vw, 463px\" \/><\/figure>\n\n\n\n<h3 class=\"blockart-heading blockart-heading-739bfac1\">B K\u0130\u015e\u0130S\u0130<\/h3>\n\n\n\n<p class=\"blockart-paragraph blockart-paragraph-34bfdd33\">\u00dcNVANI<\/p>\n<\/div><\/div>\n\n\n\n<div class=\"blockart-column blockart-column-7ff7bb5e\"><div class=\"blockart-column-inner\">\n<figure class=\"blockart-image blockart-image-9b532023\"><img loading=\"lazy\" decoding=\"async\" class=\"wp-image-472 hover-effect-static filter-none mask mask-none\" src=\"http:\/\/mavigelisim.com\/wp-content\/uploads\/2022\/02\/Instructor_3.jpg\" alt=\"\" height=\"501\" width=\"463\" srcset=\"https:\/\/mavigelisim.com\/wp-content\/uploads\/2022\/02\/Instructor_3.jpg 463w, https:\/\/mavigelisim.com\/wp-content\/uploads\/2022\/02\/Instructor_3-277x300.jpg 277w\" sizes=\"(max-width: 463px) 100vw, 463px\" \/><\/figure>\n\n\n\n<h3 class=\"blockart-heading blockart-heading-7018f119\">C K\u0130\u015e\u0130S\u0130<\/h3>\n\n\n\n<p class=\"blockart-paragraph blockart-paragraph-66acb076\">\u00dcNVANI<\/p>\n<\/div><\/div>\n\n\n\n<div class=\"blockart-column blockart-column-12a9de55\"><div class=\"blockart-column-inner\">\n<figure class=\"blockart-image blockart-image-4cf6b371\"><img loading=\"lazy\" decoding=\"async\" class=\"wp-image-473 hover-effect-static filter-none mask mask-none\" src=\"http:\/\/mavigelisim.com\/wp-content\/uploads\/2022\/02\/Instructor_4.jpg\" alt=\"\" height=\"501\" width=\"463\" srcset=\"https:\/\/mavigelisim.com\/wp-content\/uploads\/2022\/02\/Instructor_4.jpg 463w, https:\/\/mavigelisim.com\/wp-content\/uploads\/2022\/02\/Instructor_4-277x300.jpg 277w\" sizes=\"(max-width: 463px) 100vw, 463px\" \/><\/figure>\n\n\n\n<h3 class=\"blockart-heading blockart-heading-204fac1a\">D K\u0130\u015e\u0130S\u0130<\/h3>\n\n\n\n<p class=\"blockart-paragraph blockart-paragraph-52074250\">\u00dcNVANI<\/p>\n<\/div><\/div>\n<\/div><\/div><\/div>\n<\/div><\/div>\n<\/div><\/div><\/div>\n","protected":false},"excerpt":{"rendered":"","protected":false},"author":1,"featured_media":0,"parent":0,"menu_order":0,"comment_status":"closed","ping_status":"closed","template":"page-templates\/pagebuilder.php","meta":{"om_disable_all_campaigns":false,"_monsterinsights_skip_tracking":false,"_monsterinsights_sitenote_active":false,"_monsterinsights_sitenote_note":"","_monsterinsights_sitenote_category":0,"footnotes":""},"aioseo_notices":[],"_links":{"self":[{"href":"https:\/\/mavigelisim.com\/index.php\/wp-json\/wp\/v2\/pages\/77"}],"collection":[{"href":"https:\/\/mavigelisim.com\/index.php\/wp-json\/wp\/v2\/pages"}],"about":[{"href":"https:\/\/mavigelisim.com\/index.php\/wp-json\/wp\/v2\/types\/page"}],"author":[{"embeddable":true,"href":"https:\/\/mavigelisim.com\/index.php\/wp-json\/wp\/v2\/users\/1"}],"replies":[{"embeddable":true,"href":"https:\/\/mavigelisim.com\/index.php\/wp-json\/wp\/v2\/comments?post=77"}],"version-history":[{"count":3,"href":"https:\/\/mavigelisim.com\/index.php\/wp-json\/wp\/v2\/pages\/77\/revisions"}],"predecessor-version":[{"id":816,"href":"https:\/\/mavigelisim.com\/index.php\/wp-json\/wp\/v2\/pages\/77\/revisions\/816"}],"wp:attachment":[{"href":"https:\/\/mavigelisim.com\/index.php\/wp-json\/wp\/v2\/media?parent=77"}],"curies":[{"name":"wp","href":"https:\/\/api.w.org\/{rel}","templated":true}]}}