{"id":78,"date":"2022-01-27T08:54:32","date_gmt":"2022-01-27T08:54:32","guid":{"rendered":"https:\/\/sichu-blockart-eduskill.sites.qsandbox.com\/?page_id=78"},"modified":"2024-01-11T16:56:01","modified_gmt":"2024-01-11T13:56:01","slug":"contact","status":"publish","type":"page","link":"https:\/\/mavigelisim.com\/index.php\/contact\/","title":{"rendered":"\u0130LET\u0130\u015e\u0130M"},"content":{"rendered":"\n<div class=\"blockart-section blockart-section-47d1a1db\"><div class=\"blockart-container\"><div class=\"blockart-section-inner\">\n<div class=\"blockart-column blockart-column-9ecd67bc\"><div class=\"blockart-column-inner\">\n<h3 class=\"blockart-heading blockart-heading-e8907ea6\">\u0130LET\u0130\u015e\u0130M<\/h3>\n\n\n\n<p class=\"blockart-paragraph blockart-paragraph-249710fd\">TELEFON: 0506 894 29 10<\/p>\n\n\n\n<p class=\"blockart-paragraph blockart-paragraph-3409e53c\">E-POSTA: info@mavigelisim.com<\/p>\n<\/div><\/div>\n\n\n\n<div class=\"blockart-column blockart-column-d38dcd2a\"><div class=\"blockart-column-inner\">\n<h3 class=\"blockart-heading blockart-heading-2f66ea10\">ADRES<\/h3>\n\n\n\n<p class=\"blockart-paragraph blockart-paragraph-af889034\">Yeni\u015fehir Mahallesi Fevzi \u00c7akmak Caddesi Eymen Park Evleri B Blok No 1, Yah\u015fihan, Turkiye<\/p>\n<\/div><\/div>\n\n\n\n<div class=\"blockart-column blockart-column-b0fd366a\"><div class=\"blockart-column-inner\">\n<h3 class=\"blockart-heading blockart-heading-02ac5e32\">\u00c7ALI\u015eMA SAATLER\u0130<\/h3>\n\n\n\n<p class=\"blockart-paragraph blockart-paragraph-d6551c5b\">PAZARTES\u0130 &#8211; CUMA(08:00-18:00)<br>CUMARTES\u0130-PAZAR(08:00-15:00)<\/p>\n<\/div><\/div>\n<\/div><\/div><\/div>\n\n\n\n<div class=\"blockart-section blockart-section-e98a8726\"><div class=\"blockart-container\"><div class=\"blockart-section-inner\">\n<div class=\"blockart-column blockart-column-784bd71f\"><div class=\"blockart-column-inner\">\n<h2 class=\"blockart-heading blockart-heading-70fcc6f3\">KONUM<\/h2>\n\n\n\n<div class=\"aligncenter blockart-section blockart-section-8e29fa62 aligncenter\"><div class=\"blockart-container\"><div class=\"blockart-section-inner\">\n<div class=\"blockart-column blockart-column-b2f369f4\"><div class=\"blockart-column-inner\">\n<div class=\"mapouter\"><div class=\"gmap_canvas\"><iframe src=\"https:\/\/maps.google.com\/maps?q=yeni%C5%9Fehir%20mahallesi%20fevzi%20%C3%A7akmak%20caddesi%20Eymen%20Park%20evleri%20b%20blok%20no%201,%20Yahsihan,%20Turkey&amp;t=&amp;z=13&amp;ie=UTF8&amp;iwloc=&amp;output=embed\" frameborder=\"0\" scrolling=\"no\" style=\"width: 590px; height: 400px;\"><\/iframe><style>.mapouter{position:relative;height:400px;width:590px;background:#fff;} .maprouter a{color:#fff !important;position:absolute !important;top:0 !important;z-index:0 !important;}<\/style><a href=\"https:\/\/blooketjoin.org\/blooket-play\/\">blooket play<\/a><style>.gmap_canvas{overflow:hidden;height:400px;width:590px}.gmap_canvas iframe{position:relative;z-index:2}<\/style><\/div><\/div>\n<\/div><\/div>\n<\/div><\/div><\/div>\n<\/div><\/div>\n<\/div><\/div><\/div>\n","protected":false},"excerpt":{"rendered":"","protected":false},"author":1,"featured_media":0,"parent":0,"menu_order":0,"comment_status":"closed","ping_status":"closed","template":"page-templates\/pagebuilder.php","meta":{"om_disable_all_campaigns":false,"_monsterinsights_skip_tracking":false,"_monsterinsights_sitenote_active":false,"_monsterinsights_sitenote_note":"","_monsterinsights_sitenote_category":0,"footnotes":""},"aioseo_notices":[],"_links":{"self":[{"href":"https:\/\/mavigelisim.com\/index.php\/wp-json\/wp\/v2\/pages\/78"}],"collection":[{"href":"https:\/\/mavigelisim.com\/index.php\/wp-json\/wp\/v2\/pages"}],"about":[{"href":"https:\/\/mavigelisim.com\/index.php\/wp-json\/wp\/v2\/types\/page"}],"author":[{"embeddable":true,"href":"https:\/\/mavigelisim.com\/index.php\/wp-json\/wp\/v2\/users\/1"}],"replies":[{"embeddable":true,"href":"https:\/\/mavigelisim.com\/index.php\/wp-json\/wp\/v2\/comments?post=78"}],"version-history":[{"count":18,"href":"https:\/\/mavigelisim.com\/index.php\/wp-json\/wp\/v2\/pages\/78\/revisions"}],"predecessor-version":[{"id":843,"href":"https:\/\/mavigelisim.com\/index.php\/wp-json\/wp\/v2\/pages\/78\/revisions\/843"}],"wp:attachment":[{"href":"https:\/\/mavigelisim.com\/index.php\/wp-json\/wp\/v2\/media?parent=78"}],"curies":[{"name":"wp","href":"https:\/\/api.w.org\/{rel}","templated":true}]}}